{"id":2,"date":"2015-02-14T19:47:30","date_gmt":"2015-02-14T19:47:30","guid":{"rendered":"http:\/\/daluma.do-khac.de\/?page_id=2"},"modified":"2015-03-01T11:32:06","modified_gmt":"2015-03-01T10:32:06","slug":"beispiel-seite","status":"publish","type":"page","link":"https:\/\/daluma.do-khac.de\/","title":{"rendered":"Home"},"content":{"rendered":"<h1 style=\"text-align: center;\"><span style=\"color: #999999;\">*********************************************<\/span><\/h1>\n<h1 style=\"text-align: center;\"><strong><span style=\"color: #993300;\">BUNTE GL\u00dcCKLICHE GESICHTER<\/span><\/strong><\/h1>\n<h5 style=\"text-align: center;\"><span style=\"color: #999999;\">\u660e\u65e5\u3082\u307e\u305f\u3001\u308f\u304f\u308f\u304f\u3002\u00a0<\/span><\/h5>\n<h5 style=\"text-align: center;\"><strong><span style=\"color: #993300;\"><img loading=\"lazy\" class=\"alignnone size-full wp-image-36\" src=\"http:\/\/daluma.do-khac.de\/wp-content\/uploads\/2015\/02\/Seite01.jpg\" alt=\"Seite01\" width=\"3096\" height=\"2163\" srcset=\"https:\/\/daluma.do-khac.de\/wp-content\/uploads\/2015\/02\/Seite01.jpg 3096w, https:\/\/daluma.do-khac.de\/wp-content\/uploads\/2015\/02\/Seite01-300x210.jpg 300w, https:\/\/daluma.do-khac.de\/wp-content\/uploads\/2015\/02\/Seite01-1024x715.jpg 1024w\" sizes=\"(max-width: 3096px) 100vw, 3096px\" \/><\/span><\/strong><\/h5>\n<h3 style=\"text-align: center;\">Was ist DALUMA?<\/h3>\n<p style=\"text-align: justify;\">DALUMA sind originelle P\u00fcppchen aus Knete, die 2014 entstanden sind. Der Name DALUMA ist vom beliebten japanischen Gl\u00fccksbringer &#8222;<a href=\"http:\/\/de.wikipedia.org\/wiki\/Daruma\">DARUMA<\/a>&#8220; abgeleitet, weil sie eine \u00e4hnliche Form haben. Die gl\u00fccklichen Gesichter der DALUMA entstehen in den guten Zeiten der K\u00fcnstlerin, immer wenn sie so zufrieden ist, die niedlichen Gesichter zu formen. Sie sind umh\u00fcllt mit F\u00e4rbungen der verschiedenen Themen und Stile, sie sind fantastisch, realistisch, s\u00fc\u00df, poppig&#8230;<\/p>\n<p style=\"text-align: justify;\"><span style=\"color: #999999;\">DALUMA\u306f\u3001\u4f5c\u8005\u304c\u30c7\u30b6\u30a4\u30f3\u306b\u643a\u308f\u3063\u3066\u304d\u305f\u7d4c\u9a13\u3092\u3082\u3068\u306b\u3057\u30662014\u306b\u5275\u308a\u51fa\u3057\u305f\u3082\u306e\u3067\u3059\u3002\u5c0f\u3055\u306a\u4eba\u5f62\u3068\u305d\u306e\u9854\u306e\u8868\u60c5\u3092\u9020\u4f5c\u3059\u308b\u3053\u3068\u3001\u305d\u3057\u3066\u7acb\u4f53\u9762\u306b\u63cf\u304f\u3068\u3044\u3046\u3053\u3068\u30fc\u30fc\u3053\u308c\u306f\u4f5c\u8005\u304c\u9577\u3044\u3042\u3044\u3060\u63a2\u3057\u3066\u3044\u305f\u4f5c\u98a8\u3067\u3042\u308b\u3068\u3044\u3048\u307e\u3059\u3002\u3072\u3068\u3064\u305a\u3064\u306b\u4eca\u306e\u60f3\u3044\u3092\u9589\u3058\u8fbc\u3081\u3066\u3044\u308b\u3068\u8a2a\u308c\u308bDALUMA\u3068\u306e\u51fa\u4f1a\u3044\u306f\u3044\u3064\u3082\u5b09\u3057\u3044\u3082\u306e\u3002\u660e\u65e5\u306e\u65b0\u305f\u306a\u51fa\u4f1a\u3044\u3092\u601d\u3046\u3068\u3001\u307e\u305f\u308f\u304f\u308f\u304f\u3067\u304d\u308b\u306e\u3067\u3059\u3002<\/span><\/p>\n<p style=\"text-align: justify;\"><a href=\"http:\/\/daluma.do-khac.de\/wp-content\/uploads\/2015\/02\/Seite07-e1424275674789.jpg\"><img loading=\"lazy\" class=\"alignnone size-full wp-image-43\" src=\"http:\/\/daluma.do-khac.de\/wp-content\/uploads\/2015\/02\/Seite07-e1424275674789.jpg\" alt=\"Seite07\" width=\"1374\" height=\"1440\" srcset=\"https:\/\/daluma.do-khac.de\/wp-content\/uploads\/2015\/02\/Seite07-e1424275674789.jpg 1374w, https:\/\/daluma.do-khac.de\/wp-content\/uploads\/2015\/02\/Seite07-e1424275674789-286x300.jpg 286w, https:\/\/daluma.do-khac.de\/wp-content\/uploads\/2015\/02\/Seite07-e1424275674789-977x1024.jpg 977w\" sizes=\"(max-width: 1374px) 100vw, 1374px\" \/><\/a><\/p>\n<p style=\"text-align: justify;\">Nach langer Verlegenheit kam die K\u00fcnstlerin zu dieser gestalterischen Tendenz. Die niedlichen Gesichter zu formen, und besonders auf die runde feste Knete Motive zu malen, hat sie zurzeit als ihre lang versteckte Passion entdeckt. Geformte DALUMA werden eine halbe Stunde im Ofen gebacken, danach angemalt mit Acrylfarbe, schlie\u00dflich lackiert.<\/p>\n<p style=\"text-align: justify;\"><span style=\"color: #999999;\"><strong>\u6750\u6599\u3068\u5236\u4f5c\u904e\u7a0b\u306b\u3064\u3044\u3066\u30fc\u30fc<\/strong><\/span><\/p>\n<p style=\"text-align: justify;\"><span style=\"color: #999999;\">\u30c9\u30a4\u30c4\u306e\u30b9\u30c6\u30c3\u30c9\u30e9\u30fc\u793e\u304c\u8ca9\u58f2\u3059\u308bFIMO\u3068\u3044\u3046\u7c98\u571f\u3067DALUMA\u306f\u4f5c\u3089\u308c\u3066\u3044\u307e\u3059\u3002\u80f4\u4f53\u3068\u9854\u306e\u9020\u4f5c\u3092\u3057\u3066\u304b\u3089\u30aa\u30fc\u30d6\u30f3\u306730\u5206\u9593\u713c\u304d\u307e\u3059\u3002\u305d\u3057\u3066\u30a2\u30af\u30ea\u30eb\u7d75\u306e\u5177\u3067\u5f69\u8272\u3057\u3001\u30cb\u30b9\u3092\u5857\u308a\u307e\u3059\u3002\u6700\u5f8c\u306b\u5e95\u90e8\u5206\u306b\u5236\u4f5c\u5e74\u6708\u65e5\u3092\u66f8\u304d\u5165\u308c\u3066\u4ed5\u4e0a\u3052\u307e\u3059\u3002<\/span><\/p>\n<p style=\"text-align: justify;\"><a href=\"http:\/\/daluma.do-khac.de\/wp-content\/uploads\/2015\/02\/Seite04.jpg\"><img loading=\"lazy\" class=\"alignnone size-full wp-image-44\" src=\"http:\/\/daluma.do-khac.de\/wp-content\/uploads\/2015\/02\/Seite04.jpg\" alt=\"Seite04\" width=\"3427\" height=\"2592\" srcset=\"https:\/\/daluma.do-khac.de\/wp-content\/uploads\/2015\/02\/Seite04.jpg 3427w, https:\/\/daluma.do-khac.de\/wp-content\/uploads\/2015\/02\/Seite04-300x227.jpg 300w, https:\/\/daluma.do-khac.de\/wp-content\/uploads\/2015\/02\/Seite04-1024x774.jpg 1024w\" sizes=\"(max-width: 3427px) 100vw, 3427px\" \/><\/a><\/p>\n<p style=\"text-align: justify;\">\n<p style=\"text-align: justify;\"><a href=\"http:\/\/daluma.do-khac.de\/wp-content\/uploads\/2015\/02\/DSC_8320.jpg\"><img loading=\"lazy\" class=\"alignnone size-large wp-image-277\" src=\"http:\/\/daluma.do-khac.de\/wp-content\/uploads\/2015\/02\/DSC_8320-1024x685.jpg\" alt=\"DSC_8320\" width=\"474\" height=\"317\" srcset=\"https:\/\/daluma.do-khac.de\/wp-content\/uploads\/2015\/02\/DSC_8320-1024x685.jpg 1024w, https:\/\/daluma.do-khac.de\/wp-content\/uploads\/2015\/02\/DSC_8320-300x201.jpg 300w\" sizes=\"(max-width: 474px) 100vw, 474px\" \/><\/a><\/p>\n<p style=\"text-align: justify;\"><a href=\"http:\/\/daluma.do-khac.de\/wp-content\/uploads\/2015\/02\/DSC_8280-.jpg\"><img loading=\"lazy\" class=\"alignnone size-full wp-image-243\" src=\"http:\/\/daluma.do-khac.de\/wp-content\/uploads\/2015\/02\/DSC_8280-.jpg\" alt=\"DSC_8280+\" width=\"600\" height=\"575\" srcset=\"https:\/\/daluma.do-khac.de\/wp-content\/uploads\/2015\/02\/DSC_8280-.jpg 600w, https:\/\/daluma.do-khac.de\/wp-content\/uploads\/2015\/02\/DSC_8280--300x288.jpg 300w\" sizes=\"(max-width: 600px) 100vw, 600px\" \/><\/a><\/p>\n<p style=\"text-align: justify;\"><a href=\"http:\/\/daluma.do-khac.de\/wp-content\/uploads\/2015\/02\/Seite06.jpg\"><img loading=\"lazy\" class=\"alignnone size-large wp-image-46\" src=\"http:\/\/daluma.do-khac.de\/wp-content\/uploads\/2015\/02\/Seite06-1012x1024.jpg\" alt=\"Seite06\" width=\"474\" height=\"480\" srcset=\"https:\/\/daluma.do-khac.de\/wp-content\/uploads\/2015\/02\/Seite06-1012x1024.jpg 1012w, https:\/\/daluma.do-khac.de\/wp-content\/uploads\/2015\/02\/Seite06-297x300.jpg 297w\" sizes=\"(max-width: 474px) 100vw, 474px\" \/><\/a><\/p>\n<h1 style=\"text-align: center;\"><\/h1>\n","protected":false},"excerpt":{"rendered":"<p>********************************************* BUNTE GL\u00dcCKLICHE GESICHTER \u660e\u65e5\u3082\u307e\u305f\u3001\u308f\u304f\u308f\u304f\u3002\u00a0 Was ist DALUMA? DALUMA sind originelle P\u00fcppchen aus Knete, die 2014 entstanden sind. Der Name DALUMA ist vom beliebten japanischen Gl\u00fccksbringer &#8222;DARUMA&#8220; abgeleitet, weil sie eine \u00e4hnliche Form haben. Die gl\u00fccklichen Gesichter der DALUMA entstehen in den guten Zeiten der K\u00fcnstlerin, immer wenn sie so zufrieden ist, die niedlichen Gesichter &hellip; <a href=\"https:\/\/daluma.do-khac.de\/\" class=\"more-link\"><span class=\"screen-reader-text\">Home<\/span> weiterlesen <span class=\"meta-nav\">&rarr;<\/span><\/a><\/p>\n","protected":false},"author":1,"featured_media":0,"parent":0,"menu_order":0,"comment_status":"open","ping_status":"open","template":"","meta":[],"_links":{"self":[{"href":"https:\/\/daluma.do-khac.de\/index.php?rest_route=\/wp\/v2\/pages\/2"}],"collection":[{"href":"https:\/\/daluma.do-khac.de\/index.php?rest_route=\/wp\/v2\/pages"}],"about":[{"href":"https:\/\/daluma.do-khac.de\/index.php?rest_route=\/wp\/v2\/types\/page"}],"author":[{"embeddable":true,"href":"https:\/\/daluma.do-khac.de\/index.php?rest_route=\/wp\/v2\/users\/1"}],"replies":[{"embeddable":true,"href":"https:\/\/daluma.do-khac.de\/index.php?rest_route=%2Fwp%2Fv2%2Fcomments&post=2"}],"version-history":[{"count":34,"href":"https:\/\/daluma.do-khac.de\/index.php?rest_route=\/wp\/v2\/pages\/2\/revisions"}],"predecessor-version":[{"id":278,"href":"https:\/\/daluma.do-khac.de\/index.php?rest_route=\/wp\/v2\/pages\/2\/revisions\/278"}],"wp:attachment":[{"href":"https:\/\/daluma.do-khac.de\/index.php?rest_route=%2Fwp%2Fv2%2Fmedia&parent=2"}],"curies":[{"name":"wp","href":"https:\/\/api.w.org\/{rel}","templated":true}]}}